{"id":221142,"date":"2026-02-02T08:59:25","date_gmt":"2026-02-02T07:59:25","guid":{"rendered":"https:\/\/croisiere-en-catamaran.com\/\/?page_id=221142"},"modified":"2026-03-21T20:31:06","modified_gmt":"2026-03-21T19:31:06","slug":"sporads","status":"publish","type":"page","link":"https:\/\/croisiere-en-catamaran.com\/en\/les-sporades\/","title":{"rendered":"The Sporades"},"content":{"rendered":"<div class=\"et_pb_section_0 et_pb_section et_pb_fullwidth_section et_section_regular et_block_section\">\n<section class=\"et_pb_fullwidth_header_0 et_pb_fullwidth_header et_pb_fullscreen et_pb_bg_layout_dark et_pb_text_align_center et_animated et_pb_module et_flex_module\"><div class=\"et_pb_fullwidth_header_container center\"><div class=\"header-content-container center\"><div class=\"header-content et_flex_module\"><h1 class=\"et_pb_module_header\">Explorez les Sporades<\/h1><span class=\"et_pb_fullwidth_header_subhead\">Les Sporades en catamaran privatis\u00e9 \u2014 7 jours dans l'une des destinations phares du tourisme en Gr\u00e8ce<\/span><div class=\"et_pb_header_button_wrapper\"><a class=\"et_pb_button et_pb_more_button et_pb_button_one\" href=\"https:\/\/croisiere-en-catamaran.com\/en\/reservation\/\">DISPONIBILIT\u00c9S &amp; TARIFS<\/a><a class=\"et_pb_button et_pb_more_button et_pb_button_two\" href=\"https:\/\/croisiere-en-catamaran.com\/en\/promos\/\">PROMOS LANCEMENT NOUVEAU CATAMARAN<\/a><\/div><\/div><\/div><\/div><div class=\"et_pb_fullwidth_header_overlay\"><\/div><div class=\"et_pb_fullwidth_header_scroll\"><\/div><\/section>\n<\/div>\n\n<div class=\"et_pb_section_1 et_pb_section et_section_regular et_block_section\">\n<div class=\"et_pb_row_0 et_pb_row et_block_row\">\n<div class=\"et_pb_column_0 et_pb_column et_pb_column_1_2 et_block_column et_pb_css_mix_blend_mode_passthrough\">\n<div class=\"et_pb_text_0 et_pb_text et_pb_bg_layout_light et_pb_module et_block_module\"><div class=\"et_pb_text_inner\"><h2><span>G\u00e9n\u00e9ralit\u00e9<\/span><\/h2>\n<p data-path-to-node=\"4\">Adoss\u00e9es \u00e0 deux massifs montagneux spectaculaires, l\u2019Eub\u00e9e et le P\u00e9lion (patrie des Centaures), l\u2019archipel des Sporades est une destination phare de la navigation en Gr\u00e8ce. Entre vents mod\u00e9r\u00e9s, temp\u00e9ratures plaisantes et pin\u00e8des d\u00e9valant jusqu\u2019\u00e0 la plage, cet archipel offre un cadre de navigation idyllique.<\/p>\n<p data-path-to-node=\"5\">C\u2019est le terrain de jeu id\u00e9al pour profiter du confort de notre <a href=\"https:\/\/croisiere-en-catamaran.com\/catamaran\/\">catamaran de luxe<\/a>, notamment pour explorer l\u2019\u00eele quasi inhabit\u00e9e de Kyra Panaghia ou les zones de protection des phoques moines. Que vous soyez s\u00e9duit par la vibrante Skiathos et sa plage de Lalaria, ou par Skopelos (d\u00e9cor mythique du film \u2018MAMMA MIA\u2019), chaque escale est une promesse de d\u00e9tente.<\/p>\n<p data-path-to-node=\"6\">De la paisible Alonissos \u00e0 Skyros l\u2019intacte, <a href=\"https:\/\/croisiere-en-catamaran.com\/catamaran\/\">Vogu\u00e9o<\/a> vous emm\u00e8ne au c\u0153ur d\u2019une Gr\u00e8ce authentique. Pour organiser votre itin\u00e9raire sur mesure, n'h\u00e9sitez pas \u00e0 nous <a href=\"https:\/\/croisiere-en-catamaran.com\/reservation\/\">demander un devis<\/a> personnalis\u00e9.<\/p>\n<\/div><\/div>\n<\/div>\n\n<div class=\"et_pb_column_1 et_pb_column et_pb_column_1_2 et-last-child et_block_column et_pb_css_mix_blend_mode_passthrough\">\n<div class=\"et_pb_image_0 et_pb_image et_pb_module et_flex_module\"><span class=\"et_pb_image_wrap\"><img alt=\"\" alt=\"\" loading=\"lazy\" decoding=\"async\" src=\"https:\/\/croisiere-en-catamaran.com\/\/wp-content\/uploads\/2020\/12\/Carte-Sporades-e1770022115287.png\" title=\"Carte Sporades\" width=\"960\" height=\"779\" srcset=\"https:\/\/croisiere-en-catamaran.com\/wp-content\/uploads\/2020\/12\/Carte-Sporades-e1770022115287.png 960w, https:\/\/croisiere-en-catamaran.com\/wp-content\/uploads\/2020\/12\/Carte-Sporades-e1770022115287-300x243.png 300w, https:\/\/croisiere-en-catamaran.com\/wp-content\/uploads\/2020\/12\/Carte-Sporades-e1770022115287-768x623.png 768w\" sizes=\"(max-width: 960px) 100vw, 960px\" class=\"wp-image-1223\" \/><\/span><\/div>\n<\/div>\n<\/div>\n<\/div>\n\n<div class=\"et_pb_section_2 et_pb_section et_section_regular et_flex_section\">\n<div class=\"et_pb_row_1 et_pb_row et_flex_row\">\n<div class=\"et_pb_column_2 et_pb_column et-last-child et_flex_column et_pb_css_mix_blend_mode_passthrough et_flex_column_24_24 et_flex_column_24_24_tablet et_flex_column_24_24_phone\">\n<div class=\"et_pb_text_1 et_pb_text et_pb_bg_layout_light et_pb_module et_flex_module\"><div class=\"et_pb_text_inner\"><h2><strong>Les \u00eeles \u00e0 visiter<\/strong><\/h2>\n<\/div><\/div>\n<\/div>\n<\/div>\n<\/div>\n\n<div class=\"et_pb_section_3 et_pb_section et_section_regular et_flex_section\">\n<div class=\"et_pb_row_2 et_pb_row et_flex_row\">\n<div class=\"et_pb_column_3 et_pb_column et_flex_column et_pb_css_mix_blend_mode_passthrough et_flex_column_12_24 et_flex_column_12_24_tablet et_flex_column_24_24_phone\">\n<div class=\"et_pb_image_1 et_pb_image et_pb_module et_flex_module\"><span class=\"et_pb_image_wrap\"><img loading=\"lazy\" decoding=\"async\" src=\"https:\/\/croisiere-en-catamaran.com\/wp-content\/uploads\/2026\/03\/shutterstock_1851736351.jpg\" alt=\"Skiathos\" width=\"1000\" height=\"667\" srcset=\"https:\/\/croisiere-en-catamaran.com\/wp-content\/uploads\/2026\/03\/shutterstock_1851736351.jpg 1000w, https:\/\/croisiere-en-catamaran.com\/wp-content\/uploads\/2026\/03\/shutterstock_1851736351-980x654.jpg 980w, https:\/\/croisiere-en-catamaran.com\/wp-content\/uploads\/2026\/03\/shutterstock_1851736351-480x320.jpg 480w\" sizes=\"(min-width: 0px) and (max-width: 480px) 480px, (min-width: 481px) and (max-width: 980px) 980px, (min-width: 981px) 1000px, 100vw\" class=\"wp-image-221927\" title=\"Naxos 01\" \/><\/span><\/div>\n<\/div>\n\n<div class=\"et_pb_column_4 et_pb_column et-last-child et_flex_column et_pb_css_mix_blend_mode_passthrough et_flex_column_12_24 et_flex_column_12_24_tablet et_flex_column_24_24_phone\">\n<div class=\"et_pb_text_2 et_pb_text et_pb_bg_layout_light et_pb_module et_flex_module\"><div class=\"et_pb_text_inner\"><h2><span>Skiathos<\/span><\/h2>\n<p><span>L\u2019\u00eele la plus populaire du groupe des Sporades, attirant des milliers de visiteurs chaque \u00e9t\u00e9! Skiathos poss\u00e8de de grandes plages magnifiques, dont certaines sont Koukounaries, Babanistas et Lalaria avec ses grottes marines. Les eaux de l\u2019\u00eele sont le r\u00eave d\u2019un plongeur, tandis que la campagne luxuriante de Skiathos offre de belles opportunit\u00e9s pour la randonn\u00e9e! Ne manquez pas la chance de visiter son magnifique Vieux-Port pr\u00e8s du pittoresque Bourtzi, qui \u00e9tait la toile de fond de la sc\u00e8ne du film Mamma Mia avec Meryl Streep! Et pour les amoureux de la vie nocturne, il y a plusieurs bars et clubs pour tous les go\u00fbts!<\/span><\/p>\n<\/div><\/div>\n<\/div>\n<\/div>\n<\/div>\n\n<div class=\"et_pb_section_4 et_pb_section et_section_regular et_flex_section\">\n<div class=\"et_pb_row_3 et_pb_row et_flex_row\">\n<div class=\"et_pb_column_5 et_pb_column et_flex_column et_pb_css_mix_blend_mode_passthrough et_flex_column_12_24 et_flex_column_12_24_tablet et_flex_column_24_24_phone\">\n<div class=\"et_pb_text_3 et_pb_text et_pb_bg_layout_light et_pb_module et_flex_module\"><div class=\"et_pb_text_inner\"><h2><span>Skopelos<\/span><\/h2>\n<p><span>L\u2019\u00eele de Skopelos est situ\u00e9 entre Skiathos et Alonissos, c\u2019est un endroit id\u00e9al pour les familles et les couples. L\u2019\u00eele regorge de paysages verdoyants et de plages cristallines. Chora et Glossa sont les principaux villages traditionnels que l\u2019\u00eele pr\u00e9sente, offrant une vue imprenable sur la mer \u00c9g\u00e9e. L\u2019\u00e9glise d\u2019Agios Ioannis, l\u2019un des lieux de tournage du film hollywoodien Mamma Mia, est tr\u00e8s agr\u00e9able \u00e0 visiter, situ\u00e9e au sommet d\u2019un rocher. Vous devez absolument explorer le Cap Amarandos avec ses eaux transparentes et la c\u00e9l\u00e8bre plage d\u2019Agnontas pour une pure d\u00e9tente sous le soleil!<\/span><\/p>\n<\/div><\/div>\n<\/div>\n\n<div class=\"et_pb_column_6 et_pb_column et-last-child et_flex_column et_pb_css_mix_blend_mode_passthrough et_flex_column_12_24 et_flex_column_12_24_tablet et_flex_column_24_24_phone\">\n<div class=\"et_pb_image_2 et_pb_image et_pb_module et_flex_module\"><span class=\"et_pb_image_wrap\"><img loading=\"lazy\" decoding=\"async\" src=\"https:\/\/croisiere-en-catamaran.com\/wp-content\/uploads\/2026\/03\/shutterstock_1252572088.jpg\" alt=\"Skopelos\" width=\"2000\" height=\"1334\" srcset=\"https:\/\/croisiere-en-catamaran.com\/wp-content\/uploads\/2026\/03\/shutterstock_1252572088.jpg 2000w, https:\/\/croisiere-en-catamaran.com\/wp-content\/uploads\/2026\/03\/shutterstock_1252572088-1280x854.jpg 1280w, https:\/\/croisiere-en-catamaran.com\/wp-content\/uploads\/2026\/03\/shutterstock_1252572088-980x654.jpg 980w, https:\/\/croisiere-en-catamaran.com\/wp-content\/uploads\/2026\/03\/shutterstock_1252572088-480x320.jpg 480w\" sizes=\"(min-width: 0px) and (max-width: 480px) 480px, (min-width: 481px) and (max-width: 980px) 980px, (min-width: 981px) and (max-width: 1280px) 1280px, (min-width: 1281px) 2000px, 100vw\" class=\"wp-image-221923\" title=\"Kythnos 02\" \/><\/span><\/div>\n<\/div>\n<\/div>\n<\/div>\n\n<div class=\"et_pb_section_5 et_pb_section et_section_regular et_flex_section\">\n<div class=\"et_pb_row_4 et_pb_row et_flex_row\">\n<div class=\"et_pb_column_7 et_pb_column et_flex_column et_pb_css_mix_blend_mode_passthrough et_flex_column_12_24 et_flex_column_12_24_tablet et_flex_column_24_24_phone\">\n<div class=\"et_pb_image_3 et_pb_image et_pb_module et_flex_module\"><span class=\"et_pb_image_wrap\"><img loading=\"lazy\" decoding=\"async\" src=\"https:\/\/croisiere-en-catamaran.com\/wp-content\/uploads\/2026\/03\/shutterstock_91251935.jpg\" alt=\"Alonissos\" width=\"1000\" height=\"667\" srcset=\"https:\/\/croisiere-en-catamaran.com\/wp-content\/uploads\/2026\/03\/shutterstock_91251935.jpg 1000w, https:\/\/croisiere-en-catamaran.com\/wp-content\/uploads\/2026\/03\/shutterstock_91251935-980x654.jpg 980w, https:\/\/croisiere-en-catamaran.com\/wp-content\/uploads\/2026\/03\/shutterstock_91251935-480x320.jpg 480w\" sizes=\"(min-width: 0px) and (max-width: 480px) 480px, (min-width: 481px) and (max-width: 980px) 980px, (min-width: 981px) 1000px, 100vw\" class=\"wp-image-221916\" title=\"Naxos 01\" \/><\/span><\/div>\n<\/div>\n\n<div class=\"et_pb_column_8 et_pb_column et-last-child et_flex_column et_pb_css_mix_blend_mode_passthrough et_flex_column_12_24 et_flex_column_12_24_tablet et_flex_column_24_24_phone\">\n<div class=\"et_pb_text_4 et_pb_text et_pb_bg_layout_light et_pb_module et_flex_module\"><div class=\"et_pb_text_inner\"><h2><span>Alonissos<\/span><\/h2>\n<p><span>Alonissos est accessible en bateau depuis le port d\u2019Agios Konstantinos ou de Volos. Promenez-vous dans Patitiri, la ville de l\u2019\u00eele aux maisons traditionnelles aux toits en terre cuite, aux volets et aux balcons peints en bleu ou visitez la vieille ville (Chora) et admirez la nature. Depuis le port, les visiteurs peuvent louer des bateaux d\u2019excursion et profiter d\u2019une visite \u00e0 la grotte bleue et au parc marin, qui abrite le phoque moine m\u00e9diterran\u00e9en de Monachus! Alonissos a des plages \u00e9meraude aux eaux scintillantes et d\u2019une beaut\u00e9 naturelle \u00e0 couper le souffle! Les plages \u00e0 ne pas manquer sont Chrissi Milia, Leftos Gialos et Kokkinokastro, toutes aux eaux calmes et entour\u00e9es d\u2019un magnifique paysage verdoyant!<\/span><\/p>\n<\/div><\/div>\n<\/div>\n<\/div>\n<\/div>\n\n<div class=\"et_pb_section_6 et_pb_section et_section_regular et_flex_section\">\n<div class=\"et_pb_row_5 et_pb_row et_flex_row\">\n<div class=\"et_pb_column_9 et_pb_column et_flex_column et_pb_css_mix_blend_mode_passthrough et_flex_column_12_24 et_flex_column_12_24_tablet et_flex_column_24_24_phone\">\n<div class=\"et_pb_text_5 et_pb_text et_pb_bg_layout_light et_pb_module et_flex_module\"><div class=\"et_pb_text_inner\"><h2><span>Skyros<\/span><\/h2>\n<p><span>L\u2019\u00eele de Skyros est la destination id\u00e9ale pour la d\u00e9tente! Le village principal est Chora. Molos est l\u2019une des plages les plus populaires de l\u2019\u00eele. Il y a quelques autres belles plages comme Atsitsa, Agios Phocas (acc\u00e8s difficile s\u2019il y a du vent) et la baie de Kalamitsa. Skyros est \u00e9galement choisi pour des vacances en couple et en famille, car il est assez pr\u00e9serv\u00e9 avec des vues naturelles pittoresques. L\u2019\u00eele est \u00e9galement c\u00e9l\u00e8bre pour les chevaux Skyrian, l\u2019une des races de chevaux les plus rares et les plus anciennes, que vous pouvez voir dans les diff\u00e9rentes fermes. Remplissez votre journ\u00e9e de plong\u00e9e sous-marine, de randonn\u00e9e et le soir, profitez du coucher de soleil spectaculaire \u00e0 Ktima Atsitsa.<\/span><\/p>\n<\/div><\/div>\n<\/div>\n\n<div class=\"et_pb_column_10 et_pb_column et-last-child et_flex_column et_pb_css_mix_blend_mode_passthrough et_flex_column_12_24 et_flex_column_12_24_tablet et_flex_column_24_24_phone\">\n<div class=\"et_pb_image_4 et_pb_image et_pb_module et_flex_module\"><span class=\"et_pb_image_wrap\"><img loading=\"lazy\" decoding=\"async\" src=\"https:\/\/croisiere-en-catamaran.com\/wp-content\/uploads\/2026\/03\/shutterstock_1564203583.jpg\" alt=\"Skyros\" width=\"1000\" height=\"668\" srcset=\"https:\/\/croisiere-en-catamaran.com\/wp-content\/uploads\/2026\/03\/shutterstock_1564203583.jpg 1000w, https:\/\/croisiere-en-catamaran.com\/wp-content\/uploads\/2026\/03\/shutterstock_1564203583-980x655.jpg 980w, https:\/\/croisiere-en-catamaran.com\/wp-content\/uploads\/2026\/03\/shutterstock_1564203583-480x321.jpg 480w\" sizes=\"(min-width: 0px) and (max-width: 480px) 480px, (min-width: 481px) and (max-width: 980px) 980px, (min-width: 981px) 1000px, 100vw\" class=\"wp-image-221925\" title=\"Kythnos 02\" \/><\/span><\/div>\n<\/div>\n<\/div>\n<\/div>\n\n<div class=\"et_pb_section_7 et_pb_section et_section_regular et_flex_section\">\n<div class=\"et_pb_row_6 et_pb_row et_flex_row\">\n<div class=\"et_pb_column_11 et_pb_column et_flex_column et_pb_css_mix_blend_mode_passthrough et_flex_column_12_24 et_flex_column_12_24_tablet et_flex_column_24_24_phone\">\n<div class=\"et_pb_image_5 et_pb_image et_pb_module et_flex_module\"><span class=\"et_pb_image_wrap\"><img loading=\"lazy\" decoding=\"async\" src=\"https:\/\/croisiere-en-catamaran.com\/wp-content\/uploads\/2026\/03\/shutterstock_351923840.jpg\" alt=\"Kyra Panaghia\" width=\"1000\" height=\"667\" srcset=\"https:\/\/croisiere-en-catamaran.com\/wp-content\/uploads\/2026\/03\/shutterstock_351923840.jpg 1000w, https:\/\/croisiere-en-catamaran.com\/wp-content\/uploads\/2026\/03\/shutterstock_351923840-980x654.jpg 980w, https:\/\/croisiere-en-catamaran.com\/wp-content\/uploads\/2026\/03\/shutterstock_351923840-480x320.jpg 480w\" sizes=\"(min-width: 0px) and (max-width: 480px) 480px, (min-width: 481px) and (max-width: 980px) 980px, (min-width: 981px) 1000px, 100vw\" class=\"wp-image-221918\" title=\"Naxos 01\" \/><\/span><\/div>\n<\/div>\n\n<div class=\"et_pb_column_12 et_pb_column et-last-child et_flex_column et_pb_css_mix_blend_mode_passthrough et_flex_column_12_24 et_flex_column_12_24_tablet et_flex_column_24_24_phone\">\n<div class=\"et_pb_text_6 et_pb_text et_pb_bg_layout_light et_pb_module et_flex_module\"><div class=\"et_pb_text_inner\"><h2><span>Kyra Panaghia<\/span><\/h2>\n<p class=\"font-claude-response-body break-words whitespace-normal leading-[1.7]\">Kyra Panaghia est l'une des plus belles \u00eeles sauvages de Gr\u00e8ce. Inhabit\u00e9e et prot\u00e9g\u00e9e, elle abrite un monast\u00e8re byzantin mill\u00e9naire et des plages d\u00e9sertes d'une beaut\u00e9 rare. Ses eaux cristallines et ses criques isol\u00e9es en font un mouillage d'exception, loin de toute agitation touristique. Les dauphins y sont fr\u00e9quents, les fonds marins exceptionnels pour la plong\u00e9e. Une escale que seuls les navigateurs privil\u00e9gient \u2014 l'un des secrets les mieux gard\u00e9s des Sporades.<\/p>\n<\/div><\/div>\n<\/div>\n<\/div>\n<\/div>\n\n<div class=\"et_pb_section_8 et_pb_section et_section_regular et_flex_section\">\n<div class=\"et_pb_row_7 et_pb_row et_flex_row\">\n<div class=\"et_pb_column_13 et_pb_column et_flex_column et_pb_css_mix_blend_mode_passthrough et_flex_column_12_24 et_flex_column_12_24_tablet et_flex_column_24_24_phone\">\n<div class=\"et_pb_text_7 et_pb_text et_pb_bg_layout_light et_pb_module et_block_module\"><div class=\"et_pb_text_inner\"><h2>Itin\u00e9raires<\/h2>\n<p><span>L\u2019\u00eele de Skopelos est parmi les plus belles \u00eeles grecques: \u00e0 ne pas manquer! Visiter les Chora (capitale de l\u2019ile) de Skopelos et de Skyros, les baies Panormos, Elios (klima), Agios Petros et Planitis a Kyra Panaghia.<\/span><\/p>\n<h2>Conditions de vent et de navigation<\/h2>\n<p><span>L\u2019\u00e9t\u00e9 le Meltem NNE se renforce \u00e0 l\u2019Ouest des \u00eeles et faiblit pr\u00e8s des c\u00f4tes Turques o\u00f9 il suit des variations thermiques. Des ond\u00e9es orageuses sont possibles les jours de calme. Au printemps, des bancs de brume peuvent appara\u00eetre par vent de secteur Sud.<\/span><\/p>\n<\/div><\/div>\n<\/div>\n\n<div class=\"et_pb_column_14 et_pb_column et-last-child et_flex_column et_pb_css_mix_blend_mode_passthrough et_flex_column_12_24 et_flex_column_12_24_tablet et_flex_column_24_24_phone\">\n<div class=\"et_pb_image_6 et_pb_image et_animated et_pb_module et_block_module\"><span class=\"et_pb_image_wrap\"><img loading=\"lazy\" decoding=\"async\" src=\"https:\/\/croisiere-en-catamaran.com\/wp-content\/uploads\/2026\/03\/shutterstock_1587628492.jpg\" alt=\"Alonissos\" width=\"1000\" height=\"667\" srcset=\"https:\/\/croisiere-en-catamaran.com\/wp-content\/uploads\/2026\/03\/shutterstock_1587628492.jpg 1000w, https:\/\/croisiere-en-catamaran.com\/wp-content\/uploads\/2026\/03\/shutterstock_1587628492-980x654.jpg 980w, https:\/\/croisiere-en-catamaran.com\/wp-content\/uploads\/2026\/03\/shutterstock_1587628492-480x320.jpg 480w\" sizes=\"(min-width: 0px) and (max-width: 480px) 480px, (min-width: 481px) and (max-width: 980px) 980px, (min-width: 981px) 1000px, 100vw\" class=\"wp-image-221926\" title=\"1080 (1)\" \/><\/span><\/div>\n<\/div>\n<\/div>\n<\/div>\n\n<div class=\"et_pb_section_9 et_pb_section et_section_regular et_block_section et_pb_section_parallax\"><span class=\"et-pb-parallax-wrapper\"><span class=\"et-pb-parallax-background et-pb-parallax-background-module--divi-section-9\" style=\"background-image:url(https:\/\/croisiere-en-catamaran.com\/\/wp-content\/uploads\/2026\/02\/Upt2_35063L.jpg)\"><\/span><span class=\"et_parallax_gradient\" style=\"background-image:linear-gradient(180deg, #ffffff 0%,rgba(255,255,255,0) 52% 100%);mix-blend-mode:true\"><\/span><\/span>\n<div class=\"et_pb_row_8 et_pb_row et_flex_row\">\n<div class=\"et_pb_column_15 et_pb_column et-last-child et_flex_column et_pb_css_mix_blend_mode_passthrough et_flex_column_24_24 et_flex_column_24_24_tablet et_flex_column_24_24_phone\">\n<div class=\"et_pb_text_8 et_pb_text et_pb_bg_layout_light et_pb_module et_flex_module\"><div class=\"et_pb_text_inner\"><h2><strong>Nous contactez<\/strong><\/h2>\n<\/div><\/div>\n<\/div>\n<\/div>\n\n<div class=\"et_pb_row_9 et_pb_row et_block_row\">\n<div class=\"et_pb_column_16 et_pb_column et_pb_column_4_4 et-last-child et_block_column et_pb_css_mix_blend_mode_passthrough\">\n<div class=\"et_pb_contact_form_0 et_pb_contact_form_container clearfix et_pb_module et_flex_module\" data-form_unique_num=\"0\" data-form_unique_id=\"7067d836e5cc6b8d0df5f1ee01accc26\" id=\"et_pb_contact_form_0\"><div class=\"et-pb-contact-message\"><\/div><div class=\"et_pb_contact\"><form class=\"et_pb_contact_form et_flex_module\" method=\"post\" action=\"https:\/\/croisiere-en-catamaran.com\/en\/wp-json\/wp\/v2\/pages\/221142\">\n<div class=\"et_pb_contact_field_0 et_pb_contact_field et_pb_module et_flex_module et_flex_column_12_24 et_flex_column_12_24_tablet et_flex_column_12_24_phone\" data-id=\"name\" data-type=\"input\"><label class=\"et_pb_contact_form_label\">Noms<\/label><input type=\"text\" name=\"et_pb_contact_0_name_0\" id=\"et_pb_contact_0_name_0\" class=\"input\" data-required_mark=\"required\" data-field_type=\"input\" data-original_id=\"name\" placeholder=\"Noms\" title=\"\" value=\"\" \/><\/div>\n\n<div class=\"et_pb_contact_field_1 et_pb_contact_field et_pb_module et_flex_module et_flex_column_12_24 et_flex_column_12_24_tablet et_flex_column_12_24_phone\" data-id=\"email\" data-type=\"email\"><label class=\"et_pb_contact_form_label\">Addresse Email <\/label><input type=\"text\" name=\"et_pb_contact_0_email_1\" id=\"et_pb_contact_0_email_1\" class=\"input\" data-required_mark=\"required\" data-field_type=\"email\" data-original_id=\"email\" placeholder=\"Addresse Email \" title=\"\" value=\"\" \/><\/div>\n\n<div class=\"et_pb_contact_field_2 et_pb_contact_field et_pb_module et_flex_module et_flex_column_24_24 et_flex_column_24_24_tablet et_flex_column_24_24_phone\" data-id=\"message\" data-type=\"text\"><label class=\"et_pb_contact_form_label\">Message<\/label><textarea name=\"et_pb_contact_0_message_2\" id=\"et_pb_contact_0_message_2\" class=\"et_pb_contact_message input\" data-required_mark=\"required\" data-field_type=\"text\" data-original_id=\"message\" placeholder=\"Message\"><\/textarea><\/div>\n<input type=\"hidden\" name=\"et_pb_contactform_submit_7067d836e5cc6b8d0df5f1ee01accc26\" value=\"et_contact_proccess\" \/><div class=\"et_contact_bottom_container\"><div class=\"et_pb_button_wrapper\"><button type=\"submit\" name=\"et_builder_submit_button\" class=\"et_pb_button et_pb_contact_submit\">Envoyer Message<\/button><\/div><\/div><input type=\"hidden\" id=\"_wpnonce-et-pb-contact-form-submitted-7067d836e5cc6b8d0df5f1ee01accc26\" name=\"_wpnonce-et-pb-contact-form-submitted-7067d836e5cc6b8d0df5f1ee01accc26\" value=\"f85338e379\" \/><input type=\"hidden\" name=\"_wp_http_referer\" value=\"\/en\/wp-json\/wp\/v2\/pages\/221142\" \/><\/form><\/div><\/div>\n<\/div>\n<\/div>\n<\/div>\n\n<div class=\"et_pb_section_10 et_pb_section et_section_regular et_flex_section\">\n<div class=\"et_pb_row_10 et_pb_row et_flex_row\">\n<div class=\"et_pb_column_17 et_pb_column et_flex_column et_pb_css_mix_blend_mode_passthrough et_flex_column_8_24 et_flex_column_8_24_tablet et_flex_column_24_24_phone\">\n<div class=\"et_pb_text_9 et_pb_text et_pb_bg_layout_light et_pb_module et_flex_module\"><div class=\"et_pb_text_inner\"><p><span>\u00a9 VOGU\u00c9O 2026<\/span><\/p>\n<p>Vogu\u00e9o<\/p>\n<p>29 rue du Luxembourg \u2013 1050 Bruxelles<\/p>\n<p>Belgique<\/p>\n<p>00 32 484 94 85 91<\/p>\n<p>00 30 6909039737<\/p>\n<p>TVA : BE 0541.641.466<\/p>\n<\/div><\/div>\n<\/div>\n\n<div class=\"et_pb_column_18 et_pb_column et_flex_column et_pb_css_mix_blend_mode_passthrough et_flex_column_8_24 et_flex_column_8_24_tablet et_flex_column_24_24_phone\">\n<ul class=\"et_pb_social_media_follow_0 et_pb_social_media_follow clearfix et_pb_bg_layout_light et_pb_module et_flex_module\">\n<li class=\"et_pb_social_media_follow_network_0 et_pb_social_media_follow_network et_pb_social_icon et_pb_social_network_link et-social-facebook et_pb_module et_flex_module\"><a href=\"#\" class=\"icon\" target=\"_self\" title=\"Follow on Facebook\" rel=\"noopener\"><span class=\"et_pb_social_media_follow_network_name\">Follow<\/span><\/a><\/li>\n\n<li class=\"et_pb_social_media_follow_network_1 et_pb_social_media_follow_network et_pb_social_icon et_pb_social_network_link et-social-instagram et_pb_module et_flex_module\"><a href=\"#\" class=\"icon\" target=\"_self\" title=\"Follow on Instagram\" rel=\"noopener\"><span class=\"et_pb_social_media_follow_network_name\">Follow<\/span><\/a><\/li>\n\n<li class=\"et_pb_social_media_follow_network_2 et_pb_social_media_follow_network et_pb_social_icon et_pb_social_network_link et-pb-social-fa-icon et-social-whatsapp et_pb_module et_flex_module\"><a href=\"#\" class=\"icon\" target=\"_self\" title=\"Follow on WhatsApp\" rel=\"noopener\"><span class=\"et_pb_social_media_follow_network_name\">Follow<\/span><\/a><\/li>\n\n<li class=\"et_pb_social_media_follow_network_3 et_pb_social_media_follow_network et_pb_social_icon et_pb_social_network_link et-social-youtube et_pb_module et_flex_module\"><a href=\"#\" class=\"icon\" target=\"_self\" title=\"Follow on Youtube\" rel=\"noopener\"><span class=\"et_pb_social_media_follow_network_name\">Follow<\/span><\/a><\/li>\n<\/ul>\n<\/div>\n\n<div class=\"et_pb_column_19 et_pb_column et-last-child et_flex_column et_pb_css_mix_blend_mode_passthrough et_flex_column_8_24 et_flex_column_8_24_tablet et_flex_column_24_24_phone\">\n<div class=\"et_pb_module et_pb_button_module_wrapper et_pb_button_0_wrapper\"><a class=\"et_pb_button_0 et_pb_button et_pb_bg_layout_light et_pb_module et_block_module\" href=\"\">R\u00e8glement d&#039;ordre int\u00e9rieur<\/a><\/div>\n\n<div class=\"et_pb_module et_pb_button_module_wrapper et_pb_button_1_wrapper\"><a class=\"et_pb_button_1 et_pb_button et_pb_bg_layout_light et_pb_module et_flex_module\" href=\"\">Conditions g\u00e9n\u00e9rales<\/a><\/div>\n\n<div class=\"et_pb_module et_pb_button_module_wrapper et_pb_button_2_wrapper\"><a class=\"et_pb_button_2 et_pb_button et_pb_bg_layout_light et_pb_module et_flex_module\" href=\"\">Cookies &amp; Vie priv\u00e9e<\/a><\/div>\n<\/div>\n<\/div>\n<\/div>","protected":false},"excerpt":{"rendered":"","protected":false},"author":1,"featured_media":0,"parent":0,"menu_order":0,"comment_status":"closed","ping_status":"closed","template":"","meta":{"_seopress_robots_primary_cat":"","_seopress_titles_title":"Croisi\u00e8re catamaran Sporades | Skiathos, Skopelos, Alonissos | Vogu\u00e9o","_seopress_titles_desc":"Pin\u00e8des qui plongent dans une eau turquoise, criques sauvages et villages authentiques. Les Sporades en catamaran privatis\u00e9, loin des sentiers battus.","_seopress_robots_index":"","footnotes":""},"class_list":["post-221142","page","type-page","status-publish","hentry"],"_links":{"self":[{"href":"https:\/\/croisiere-en-catamaran.com\/en\/wp-json\/wp\/v2\/pages\/221142","targetHints":{"allow":["GET"]}}],"collection":[{"href":"https:\/\/croisiere-en-catamaran.com\/en\/wp-json\/wp\/v2\/pages"}],"about":[{"href":"https:\/\/croisiere-en-catamaran.com\/en\/wp-json\/wp\/v2\/types\/page"}],"author":[{"embeddable":true,"href":"https:\/\/croisiere-en-catamaran.com\/en\/wp-json\/wp\/v2\/users\/1"}],"replies":[{"embeddable":true,"href":"https:\/\/croisiere-en-catamaran.com\/en\/wp-json\/wp\/v2\/comments?post=221142"}],"version-history":[{"count":24,"href":"https:\/\/croisiere-en-catamaran.com\/en\/wp-json\/wp\/v2\/pages\/221142\/revisions"}],"predecessor-version":[{"id":222140,"href":"https:\/\/croisiere-en-catamaran.com\/en\/wp-json\/wp\/v2\/pages\/221142\/revisions\/222140"}],"wp:attachment":[{"href":"https:\/\/croisiere-en-catamaran.com\/en\/wp-json\/wp\/v2\/media?parent=221142"}],"curies":[{"name":"wp","href":"https:\/\/api.w.org\/{rel}","templated":true}]}}