{"id":222020,"date":"2026-03-15T12:08:52","date_gmt":"2026-03-15T11:08:52","guid":{"rendered":"https:\/\/croisiere-en-catamaran.com\/?page_id=222020"},"modified":"2026-04-02T21:03:38","modified_gmt":"2026-04-02T19:03:38","slug":"promos","status":"publish","type":"page","link":"https:\/\/croisiere-en-catamaran.com\/en\/promos\/","title":{"rendered":"Promos"},"content":{"rendered":"<div class=\"et_pb_section_0 et_pb_section et_pb_fullwidth_section et_section_regular et_block_section\">\n<section class=\"et_pb_fullwidth_header_0 et_pb_fullwidth_header et_pb_fullscreen et_pb_bg_layout_dark et_pb_text_align_center et_animated et_pb_module et_flex_module\"><div class=\"et_pb_fullwidth_header_container center\"><div class=\"header-content-container center\"><div class=\"header-content et_flex_module\"><h1 class=\"et_pb_module_header\">Promos<\/h1><span class=\"et_pb_fullwidth_header_subhead\">Take advantage of launch promotions for our new catamaran - 7-day private cruise in Greece<\/span><div class=\"et_pb_header_button_wrapper\"><a class=\"et_pb_button et_pb_more_button et_pb_button_one\" href=\"\">AVAILABILITY &amp; RATES<\/a><\/div><\/div><\/div><\/div><div class=\"et_pb_fullwidth_header_overlay\"><\/div><div class=\"et_pb_fullwidth_header_scroll\"><\/div><\/section>\n<\/div>\n\n<div class=\"et_pb_section_1 et_pb_section et_section_regular et_flex_section\">\n<div class=\"et_pb_row_0 et_pb_row et_flex_row\">\n<div class=\"et_pb_column_0 et_pb_column et_flex_column et_pb_css_mix_blend_mode_passthrough et_flex_column_12_24 et_flex_column_12_24_tablet et_flex_column_24_24_phone\">\n<div class=\"et_pb_image_0 et_pb_image et_pb_module et_flex_module\"><span class=\"et_pb_image_wrap\"><img alt=\"\" loading=\"lazy\" decoding=\"async\" src=\"https:\/\/croisiere-en-catamaran.com\/wp-content\/uploads\/2026\/02\/Corfou-05.png\" title=\"Corfu 05\" width=\"800\" height=\"450\" srcset=\"https:\/\/croisiere-en-catamaran.com\/wp-content\/uploads\/2026\/02\/Corfou-05.png 800w, https:\/\/croisiere-en-catamaran.com\/wp-content\/uploads\/2026\/02\/Corfou-05-480x270.png 480w\" sizes=\"(min-width: 0px) and (max-width: 480px) 480px, (min-width: 481px) 800px, 100vw\" class=\"wp-image-221700\" \/><\/span><\/div>\n<\/div>\n\n<div class=\"et_pb_column_1 et_pb_column et-last-child et_flex_column et_pb_css_mix_blend_mode_passthrough et_flex_column_12_24 et_flex_column_12_24_tablet et_flex_column_24_24_phone\">\n<div class=\"et_pb_text_0 et_pb_text et_pb_bg_layout_light et_pb_module et_flex_module\"><div class=\"et_pb_text_inner\"><h2><span>Corfu &amp; the Ionian Islands<\/span><\/h2>\n<p>From 29 April to 6 May: \u20ac7,000<\/p>\n<p>From 6 to 13 May: \u20ac7,000<\/p>\n<p><span style=\"text-decoration: line-through;\">From 13 to 20 May: \u20ac7,000<\/span> <span style=\"color: #ff0000;\">BOOK\u00c9<\/span><\/p>\n<p>From 20 to 27 May: \u20ac7,000<\/p>\n<p>From 27 May to 3 June: \u20ac7,000<\/p>\n<\/div><\/div>\n<\/div>\n<\/div>\n<\/div>\n\n<div class=\"et_pb_section_2 et_pb_section et_section_regular et_flex_section\">\n<div class=\"et_pb_row_1 et_pb_row et_flex_row\">\n<div class=\"et_pb_column_2 et_pb_column et_flex_column et_pb_css_mix_blend_mode_passthrough et_flex_column_12_24 et_flex_column_12_24_tablet et_flex_column_24_24_phone\">\n<div class=\"et_pb_text_1 et_pb_text et_pb_bg_layout_light et_pb_module et_flex_module\"><div class=\"et_pb_text_inner\"><h2><span>The Saronic &amp; Cycladic Islands<\/span><\/h2>\n<p>From 3 to 10 June: \u20ac10,000<\/p>\n<p>From 10 to 17 June: \u20ac10,000<\/p>\n<p>From 17 to 24 June: \u20ac10,000<\/p>\n<p>From 24 June to 1 July: \u20ac10,000<\/p>\n<\/div><\/div>\n<\/div>\n\n<div class=\"et_pb_column_3 et_pb_column et-last-child et_flex_column et_pb_css_mix_blend_mode_passthrough et_flex_column_12_24 et_flex_column_12_24_tablet et_flex_column_24_24_phone\">\n<div class=\"et_pb_image_1 et_pb_image et_pb_module et_flex_module\"><span class=\"et_pb_image_wrap\"><img alt=\"\" loading=\"lazy\" decoding=\"async\" src=\"https:\/\/croisiere-en-catamaran.com\/wp-content\/uploads\/2026\/02\/Paxos-04.png\" title=\"Paxos 04\" width=\"800\" height=\"450\" srcset=\"https:\/\/croisiere-en-catamaran.com\/wp-content\/uploads\/2026\/02\/Paxos-04.png 800w, https:\/\/croisiere-en-catamaran.com\/wp-content\/uploads\/2026\/02\/Paxos-04-480x270.png 480w\" sizes=\"(min-width: 0px) and (max-width: 480px) 480px, (min-width: 481px) 800px, 100vw\" class=\"wp-image-221704\" \/><\/span><\/div>\n<\/div>\n<\/div>\n<\/div>\n\n<div class=\"et_pb_section_3 et_pb_section et_section_regular et_flex_section\">\n<div class=\"et_pb_row_2 et_pb_row et_flex_row\">\n<div class=\"et_pb_column_4 et_pb_column et_flex_column et_pb_css_mix_blend_mode_passthrough et_flex_column_12_24 et_flex_column_12_24_tablet et_flex_column_24_24_phone\">\n<div class=\"et_pb_image_2 et_pb_image et_pb_module et_flex_module\"><span class=\"et_pb_image_wrap\"><img alt=\"\" loading=\"lazy\" decoding=\"async\" src=\"https:\/\/croisiere-en-catamaran.com\/wp-content\/uploads\/2026\/02\/Lefkada-07.png\" title=\"Lefkada 07\" width=\"800\" height=\"450\" srcset=\"https:\/\/croisiere-en-catamaran.com\/wp-content\/uploads\/2026\/02\/Lefkada-07.png 800w, https:\/\/croisiere-en-catamaran.com\/wp-content\/uploads\/2026\/02\/Lefkada-07-480x270.png 480w\" sizes=\"(min-width: 0px) and (max-width: 480px) 480px, (min-width: 481px) 800px, 100vw\" class=\"wp-image-221714\" \/><\/span><\/div>\n<\/div>\n\n<div class=\"et_pb_column_5 et_pb_column et-last-child et_flex_column et_pb_css_mix_blend_mode_passthrough et_flex_column_12_24 et_flex_column_12_24_tablet et_flex_column_24_24_phone\">\n<div class=\"et_pb_text_2 et_pb_text et_pb_bg_layout_light et_pb_module et_flex_module\"><div class=\"et_pb_text_inner\"><h2><span>The Saronic &amp; Cycladic Islands<\/span><\/h2>\n<p>From 1 to 8 July: \u20ac15,000<\/p>\n<p>From 8 to 15 July: \u20ac15,000<\/p>\n<p><span style=\"text-decoration: line-through;\">From 17 to 27 July: \u20ac16,800<\/span> <span style=\"color: #ff0000;\">BOOK\u00c9<\/span><\/p>\n<p>From 29 July to 5 August: \u20ac15,000<\/p>\n<p>From 5 to 12 August: \u20ac15,000<\/p>\n<p>August 12 to 19: \u20ac15,000<\/p>\n<p>From 19th to 26th August: \u20ac15,000<\/p>\n<p>From 26 August to 2 September: \u20ac15,000<\/p>\n<\/div><\/div>\n<\/div>\n<\/div>\n<\/div>\n\n<div class=\"et_pb_section_4 et_pb_section et_section_regular et_flex_section\">\n<div class=\"et_pb_row_3 et_pb_row et_flex_row\">\n<div class=\"et_pb_column_6 et_pb_column et_flex_column et_pb_css_mix_blend_mode_passthrough et_flex_column_12_24 et_flex_column_12_24_tablet et_flex_column_24_24_phone\">\n<div class=\"et_pb_text_3 et_pb_text et_pb_bg_layout_light et_pb_module et_flex_module\"><div class=\"et_pb_text_inner\"><h2><span>The Saronic &amp; Cycladic Islands<\/span><\/h2>\n<p>From 2 to 9 September: \u20ac12,000<\/p>\n<p><span style=\"text-decoration: line-through;\">From 9 to 16 September: \u20ac12,000<\/span>\u00a0<span style=\"color: #ff0000;\">AS AN OPTION<\/span><\/p>\n<p>From 16 to 23 September: \u20ac12,000<\/p>\n<p>From 23 to 30 September: \u20ac12,000<\/p>\n<\/div><\/div>\n<\/div>\n\n<div class=\"et_pb_column_7 et_pb_column et-last-child et_flex_column et_pb_css_mix_blend_mode_passthrough et_flex_column_12_24 et_flex_column_12_24_tablet et_flex_column_24_24_phone\">\n<div class=\"et_pb_image_3 et_pb_image et_pb_module et_flex_module\"><span class=\"et_pb_image_wrap\"><img alt=\"\" loading=\"lazy\" decoding=\"async\" src=\"https:\/\/croisiere-en-catamaran.com\/wp-content\/uploads\/2026\/02\/Kefalonia-01.png\" title=\"Kefalonia 01\" width=\"800\" height=\"450\" srcset=\"https:\/\/croisiere-en-catamaran.com\/wp-content\/uploads\/2026\/02\/Kefalonia-01.png 800w, https:\/\/croisiere-en-catamaran.com\/wp-content\/uploads\/2026\/02\/Kefalonia-01-480x270.png 480w\" sizes=\"(min-width: 0px) and (max-width: 480px) 480px, (min-width: 481px) 800px, 100vw\" class=\"wp-image-221719\" \/><\/span><\/div>\n<\/div>\n<\/div>\n<\/div>\n\n<div class=\"et_pb_section_5 et_pb_section et_section_regular et_flex_section\">\n<div class=\"et_pb_row_4 et_pb_row et_flex_row\">\n<div class=\"et_pb_column_8 et_pb_column et_flex_column et_pb_css_mix_blend_mode_passthrough et_flex_column_12_24 et_flex_column_12_24_tablet et_flex_column_24_24_phone\">\n<div class=\"et_pb_image_4 et_pb_image et_pb_module et_flex_module\"><span class=\"et_pb_image_wrap\"><img alt=\"\" loading=\"lazy\" decoding=\"async\" src=\"https:\/\/croisiere-en-catamaran.com\/wp-content\/uploads\/2026\/02\/Ithaka-07.png\" title=\"Ithaka 07\" width=\"800\" height=\"450\" srcset=\"https:\/\/croisiere-en-catamaran.com\/wp-content\/uploads\/2026\/02\/Ithaka-07.png 800w, https:\/\/croisiere-en-catamaran.com\/wp-content\/uploads\/2026\/02\/Ithaka-07-480x270.png 480w\" sizes=\"(min-width: 0px) and (max-width: 480px) 480px, (min-width: 481px) 800px, 100vw\" class=\"wp-image-221731\" \/><\/span><\/div>\n<\/div>\n\n<div class=\"et_pb_column_9 et_pb_column et-last-child et_flex_column et_pb_css_mix_blend_mode_passthrough et_flex_column_12_24 et_flex_column_12_24_tablet et_flex_column_24_24_phone\">\n<div class=\"et_pb_text_4 et_pb_text et_pb_bg_layout_light et_pb_module et_flex_module\"><div class=\"et_pb_text_inner\"><h2><span>The Saronic &amp; Cycladic Islands<\/span><\/h2>\n<p>From 30 September to 7 October: \u20ac7,000<\/p>\n<p>October 7 to 14: \u20ac7,000<\/p>\n<p>14 to 21 October: \u20ac7,000<\/p>\n<p>From 21 to 28 October: \u20ac7,000<\/p>\n<p>From 28 October to 4 November: \u20ac7,000<\/p>\n<\/div><\/div>\n<\/div>\n<\/div>\n<\/div>\n\n<div class=\"et_pb_section_6 et_pb_section et_section_regular et_block_section et_pb_section_parallax\"><span class=\"et-pb-parallax-wrapper\"><span class=\"et-pb-parallax-background et-pb-parallax-background-module--divi-section-6\" style=\"background-image:url(https:\/\/croisiere-en-catamaran.com\/\/wp-content\/uploads\/2026\/02\/Upt2_35063L.jpg)\"><\/span><span class=\"et_parallax_gradient\" style=\"background-image:linear-gradient(180deg, #ffffff 0%,rgba(255,255,255,0) 52% 100%);mix-blend-mode:true\"><\/span><\/span>\n<div class=\"et_pb_row_5 et_pb_row et_flex_row\">\n<div class=\"et_pb_column_10 et_pb_column et-last-child et_flex_column et_pb_css_mix_blend_mode_passthrough et_flex_column_24_24 et_flex_column_24_24_tablet et_flex_column_24_24_phone\">\n<div class=\"et_pb_text_5 et_pb_text et_pb_bg_layout_light et_pb_module et_flex_module\"><div class=\"et_pb_text_inner\"><h2><strong>Contact Us<\/strong><\/h2>\n<\/div><\/div>\n<\/div>\n<\/div>\n\n<div class=\"et_pb_row_6 et_pb_row et_block_row\">\n<div class=\"et_pb_column_11 et_pb_column et_pb_column_4_4 et-last-child et_block_column et_pb_css_mix_blend_mode_passthrough\">\n<div class=\"et_pb_contact_form_0 et_pb_contact_form_container clearfix et_pb_module et_flex_module\" data-form_unique_num=\"0\" data-form_unique_id=\"7067d836e5cc6b8d0df5f1ee01accc26\" id=\"et_pb_contact_form_0\"><div class=\"et-pb-contact-message\"><\/div><div class=\"et_pb_contact\"><form class=\"et_pb_contact_form et_flex_module\" method=\"post\" action=\"https:\/\/croisiere-en-catamaran.com\/en\/wp-json\/wp\/v2\/pages\/222020\" data-trp-original-action=\"https:\/\/croisiere-en-catamaran.com\/en\/wp-json\/wp\/v2\/pages\/222020\">\n<div class=\"et_pb_contact_field_0 et_pb_contact_field et_pb_module et_flex_module et_flex_column_12_24 et_flex_column_12_24_tablet et_flex_column_12_24_phone\" data-id=\"name\" data-type=\"input\"><label class=\"et_pb_contact_form_label\">Name<\/label><input type=\"text\" name=\"et_pb_contact_0_name_0\" id=\"et_pb_contact_0_name_0\" class=\"input\" data-required_mark=\"required\" data-field_type=\"input\" data-original_id=\"name\" placeholder=\"Name\" title=\"\" value=\"\" \/><\/div>\n\n<div class=\"et_pb_contact_field_1 et_pb_contact_field et_pb_module et_flex_module et_flex_column_12_24 et_flex_column_12_24_tablet et_flex_column_12_24_phone\" data-id=\"email\" data-type=\"email\"><label class=\"et_pb_contact_form_label\">Email Address <\/label><input type=\"text\" name=\"et_pb_contact_0_email_1\" id=\"et_pb_contact_0_email_1\" class=\"input\" data-required_mark=\"required\" data-field_type=\"email\" data-original_id=\"email\" placeholder=\"Email Address \" title=\"\" value=\"\" \/><\/div>\n\n<div class=\"et_pb_contact_field_2 et_pb_contact_field et_pb_module et_flex_module et_flex_column_24_24 et_flex_column_24_24_tablet et_flex_column_24_24_phone\" data-id=\"message\" data-type=\"text\"><label class=\"et_pb_contact_form_label\">Message<\/label><textarea name=\"et_pb_contact_0_message_2\" id=\"et_pb_contact_0_message_2\" class=\"et_pb_contact_message input\" data-required_mark=\"required\" data-field_type=\"text\" data-original_id=\"message\" placeholder=\"Message\"><\/textarea><\/div>\n<input type=\"hidden\" name=\"et_pb_contactform_submit_7067d836e5cc6b8d0df5f1ee01accc26\" value=\"et_contact_proccess\" \/><div class=\"et_contact_bottom_container\"><div class=\"et_pb_button_wrapper\"><button type=\"submit\" name=\"et_builder_submit_button\" class=\"et_pb_button et_pb_contact_submit\">Send Message<\/button><\/div><\/div><input type=\"hidden\" id=\"_wpnonce-et-pb-contact-form-submitted-7067d836e5cc6b8d0df5f1ee01accc26\" name=\"_wpnonce-et-pb-contact-form-submitted-7067d836e5cc6b8d0df5f1ee01accc26\" value=\"f85338e379\" \/><input type=\"hidden\" name=\"_wp_http_referer\" value=\"\/en\/wp-json\/wp\/v2\/pages\/222020\" \/><input type=\"hidden\" name=\"trp-form-language\" value=\"en\"\/><\/form><\/div><\/div>\n<\/div>\n<\/div>\n<\/div>\n\n<div class=\"et_pb_section_7 et_pb_section et_section_regular et_flex_section\">\n<div class=\"et_pb_row_7 et_pb_row et_flex_row\">\n<div class=\"et_pb_column_12 et_pb_column et_flex_column et_pb_css_mix_blend_mode_passthrough et_flex_column_8_24 et_flex_column_8_24_tablet et_flex_column_24_24_phone\">\n<div class=\"et_pb_text_6 et_pb_text et_pb_bg_layout_light et_pb_module et_flex_module\"><div class=\"et_pb_text_inner\"><p><span>VOGU\u00c9O 2026<\/span><\/p>\n<p>Vogu\u00e9o<\/p>\n<p>29 rue du Luxembourg - 1050 Brussels<\/p>\n<p>Belgium<\/p>\n<p>00 32 484 94 85 91<\/p>\n<p>00 30 6909039737<\/p>\n<p>VAT : BE 0541.641.466<\/p>\n<\/div><\/div>\n<\/div>\n\n<div class=\"et_pb_column_13 et_pb_column et_flex_column et_pb_css_mix_blend_mode_passthrough et_flex_column_8_24 et_flex_column_8_24_tablet et_flex_column_24_24_phone\">\n<ul class=\"et_pb_social_media_follow_0 et_pb_social_media_follow clearfix et_pb_bg_layout_light et_pb_module et_flex_module\">\n<li class=\"et_pb_social_media_follow_network_0 et_pb_social_media_follow_network et_pb_social_icon et_pb_social_network_link et-social-facebook et_pb_module et_flex_module\"><a href=\"#\" class=\"icon\" target=\"_self\" title=\"Follow on Facebook\" rel=\"noopener\"><span class=\"et_pb_social_media_follow_network_name\">Follow<\/span><\/a><\/li>\n\n<li class=\"et_pb_social_media_follow_network_1 et_pb_social_media_follow_network et_pb_social_icon et_pb_social_network_link et-social-instagram et_pb_module et_flex_module\"><a href=\"#\" class=\"icon\" target=\"_self\" title=\"Follow on Instagram\" rel=\"noopener\"><span class=\"et_pb_social_media_follow_network_name\">Follow<\/span><\/a><\/li>\n\n<li class=\"et_pb_social_media_follow_network_2 et_pb_social_media_follow_network et_pb_social_icon et_pb_social_network_link et-pb-social-fa-icon et-social-whatsapp et_pb_module et_flex_module\"><a href=\"#\" class=\"icon\" target=\"_self\" title=\"Follow on WhatsApp\" rel=\"noopener\"><span class=\"et_pb_social_media_follow_network_name\">Follow<\/span><\/a><\/li>\n\n<li class=\"et_pb_social_media_follow_network_3 et_pb_social_media_follow_network et_pb_social_icon et_pb_social_network_link et-social-youtube et_pb_module et_flex_module\"><a href=\"#\" class=\"icon\" target=\"_self\" title=\"Follow on Youtube\" rel=\"noopener\"><span class=\"et_pb_social_media_follow_network_name\">Follow<\/span><\/a><\/li>\n<\/ul>\n<\/div>\n\n<div class=\"et_pb_column_14 et_pb_column et-last-child et_flex_column et_pb_css_mix_blend_mode_passthrough et_flex_column_8_24 et_flex_column_8_24_tablet et_flex_column_24_24_phone\">\n<div class=\"et_pb_module et_pb_button_module_wrapper et_pb_button_0_wrapper\"><a class=\"et_pb_button_0 et_pb_button et_pb_bg_layout_light et_pb_module et_block_module\" href=\"\">Internal Regulations<\/a><\/div>\n\n<div class=\"et_pb_module et_pb_button_module_wrapper et_pb_button_1_wrapper\"><a class=\"et_pb_button_1 et_pb_button et_pb_bg_layout_light et_pb_module et_flex_module\" href=\"\">Terms &amp; Conditions<\/a><\/div>\n\n<div class=\"et_pb_module et_pb_button_module_wrapper et_pb_button_2_wrapper\"><a class=\"et_pb_button_2 et_pb_button et_pb_bg_layout_light et_pb_module et_flex_module\" href=\"\">Cookies &amp; Privacy<\/a><\/div>\n<\/div>\n<\/div>\n<\/div>","protected":false},"excerpt":{"rendered":"","protected":false},"author":1,"featured_media":0,"parent":0,"menu_order":0,"comment_status":"closed","ping_status":"closed","template":"","meta":{"_seopress_robots_primary_cat":"","_seopress_titles_title":"Promos croisi\u00e8re catamaran Gr\u00e8ce 2026 | Offres lancement Lagoon 52","_seopress_titles_desc":"Profitez de nos offres de lancement : croisi\u00e8re priv\u00e9e en catamaran Lagoon 52 dans les \u00eeles grecques d\u00e8s 7 000 \u20ac\/semaine. Disponibilit\u00e9s avril \u00e0 novembre 2026.","_seopress_robots_index":"","footnotes":""},"class_list":["post-222020","page","type-page","status-publish","hentry"],"_links":{"self":[{"href":"https:\/\/croisiere-en-catamaran.com\/en\/wp-json\/wp\/v2\/pages\/222020","targetHints":{"allow":["GET"]}}],"collection":[{"href":"https:\/\/croisiere-en-catamaran.com\/en\/wp-json\/wp\/v2\/pages"}],"about":[{"href":"https:\/\/croisiere-en-catamaran.com\/en\/wp-json\/wp\/v2\/types\/page"}],"author":[{"embeddable":true,"href":"https:\/\/croisiere-en-catamaran.com\/en\/wp-json\/wp\/v2\/users\/1"}],"replies":[{"embeddable":true,"href":"https:\/\/croisiere-en-catamaran.com\/en\/wp-json\/wp\/v2\/comments?post=222020"}],"version-history":[{"count":6,"href":"https:\/\/croisiere-en-catamaran.com\/en\/wp-json\/wp\/v2\/pages\/222020\/revisions"}],"predecessor-version":[{"id":222144,"href":"https:\/\/croisiere-en-catamaran.com\/en\/wp-json\/wp\/v2\/pages\/222020\/revisions\/222144"}],"wp:attachment":[{"href":"https:\/\/croisiere-en-catamaran.com\/en\/wp-json\/wp\/v2\/media?parent=222020"}],"curies":[{"name":"wp","href":"https:\/\/api.w.org\/{rel}","templated":true}]}}