{"id":222041,"date":"2026-03-17T15:05:57","date_gmt":"2026-03-17T14:05:57","guid":{"rendered":"https:\/\/croisiere-en-catamaran.com\/?page_id=222041"},"modified":"2026-03-17T15:58:38","modified_gmt":"2026-03-17T14:58:38","slug":"blog","status":"publish","type":"page","link":"https:\/\/croisiere-en-catamaran.com\/en\/blog\/","title":{"rendered":"Blog"},"content":{"rendered":"<div class=\"et_pb_section_0 et_pb_section et_pb_fullwidth_section et_section_regular et_block_section\">\n<section class=\"et_pb_fullwidth_header_0 et_pb_fullwidth_header et_pb_bg_layout_dark et_pb_text_align_center et_animated et_pb_module et_flex_module\"><div class=\"et_pb_fullwidth_header_container center\"><div class=\"header-content-container center\"><div class=\"header-content et_flex_module\"><h1 class=\"et_pb_module_header\">Inspirations<\/h1><span class=\"et_pb_fullwidth_header_subhead\">Private luxury catamaran cruises in the Greek islands<\/span><div class=\"et_pb_header_button_wrapper\"><a class=\"et_pb_button et_pb_more_button et_pb_button_one\" href=\"https:\/\/croisiere-en-catamaran.com\/en\/reservation\/\">AVAILABILITY &amp; RATES<\/a><a class=\"et_pb_button et_pb_more_button et_pb_button_two\" href=\"https:\/\/croisiere-en-catamaran.com\/en\/promos\/\">NEW CATAMARAN LAUNCH SPECIAL OFFERS<\/a><\/div><\/div><\/div><\/div><div class=\"et_pb_fullwidth_header_overlay\"><\/div><div class=\"et_pb_fullwidth_header_scroll\"><\/div><\/section>\n<\/div>\n\n<div class=\"et_pb_section_1 et_pb_section et_section_regular et_flex_section\">\n<div class=\"et_pb_row_0 et_pb_row et_flex_row\">\n<div class=\"et_pb_column_0 et_pb_column et-last-child et_flex_column et_pb_css_mix_blend_mode_passthrough et_flex_column_24_24 et_flex_column_24_24_tablet et_flex_column_24_24_phone\">\n<div class=\"et_pb_blog_0 et_pb_blog et_pb_bg_layout_light et_pb_posts et_pb_module\"><div class=\"et_pb_ajax_pagination_container\"><div class=\"et_pb_posts et_grid_module\"><article class=\"et_pb_post et_pb_post_id_222088 clearfix et_pb_blog_item_0_0 post-222088 post type-post status-publish format-standard has-post-thumbnail hentry category-non-classe\"><div class=\"et_pb_image_container\"><a href=\"https:\/\/croisiere-en-catamaran.com\/en\/2026\/03\/17\/croisiere-en-catamaran-en-famille-en-grece-tout-ce-quil-faut-savoir\/\" class=\"entry-featured-image-url\"><img loading=\"lazy\" decoding=\"async\" src=\"https:\/\/croisiere-en-catamaran.com\/wp-content\/uploads\/2026\/02\/Babysiter.png\" width=\"400\" height=\"284\" alt=\"Family catamaran cruise in Greece: all you need to know\" class=\"\" srcset=\"https:\/\/croisiere-en-catamaran.com\/wp-content\/uploads\/2026\/02\/Babysiter.png 479w, https:\/\/croisiere-en-catamaran.com\/wp-content\/uploads\/2026\/02\/Babysiter-400x284.png 480w\" sizes=\"(max-width:479px) 479px, 100vw\" \/><span data-icon=\"\ue050\" class=\"et_overlay et_pb_inline_icon\"><\/span><\/a><\/div><h2 class=\"entry-title\"><a href=\"https:\/\/croisiere-en-catamaran.com\/en\/2026\/03\/17\/croisiere-en-catamaran-en-famille-en-grece-tout-ce-quil-faut-savoir\/\">Family catamaran cruise in Greece: all you need to know<\/a><\/h2><p class=\"post-meta\"><span class=\"published\">17 March 2026<\/span><\/p><div class=\"post-content\"><div class=\"post-content-inner\"><p>A family catamaran cruise in Greece \u2013 the idea is a dream, but it often raises practical questions. At what age can children come aboard? Is it safe? Which area to choose? Here\u2019s everything you need to know to prepare for a holiday\u2026<\/p>\n<\/div><\/div><\/article><article class=\"et_pb_post et_pb_post_id_222084 clearfix et_pb_blog_item_0_1 post-222084 post type-post status-publish format-standard has-post-thumbnail hentry category-non-classe\"><div class=\"et_pb_image_container\"><a href=\"https:\/\/croisiere-en-catamaran.com\/en\/2026\/03\/17\/les-5-plus-beaux-mouillages-de-grece-accessibles-en-catamaran\/\" class=\"entry-featured-image-url\"><img loading=\"lazy\" decoding=\"async\" src=\"https:\/\/croisiere-en-catamaran.com\/wp-content\/uploads\/2026\/01\/Falaise-lefkada.png\" width=\"400\" height=\"284\" alt=\"The 5 most beautiful anchorages in Greece accessible by catamaran\" class=\"\" srcset=\"https:\/\/croisiere-en-catamaran.com\/wp-content\/uploads\/2026\/01\/Falaise-lefkada.png 479w, https:\/\/croisiere-en-catamaran.com\/wp-content\/uploads\/2026\/01\/Falaise-lefkada-400x284.png 480w\" sizes=\"(max-width:479px) 479px, 100vw\" \/><span data-icon=\"\ue050\" class=\"et_overlay et_pb_inline_icon\"><\/span><\/a><\/div><h2 class=\"entry-title\"><a href=\"https:\/\/croisiere-en-catamaran.com\/en\/2026\/03\/17\/les-5-plus-beaux-mouillages-de-grece-accessibles-en-catamaran\/\">The 5 most beautiful anchorages in Greece accessible by catamaran<\/a><\/h2><p class=\"post-meta\"><span class=\"published\">17 March 2026<\/span><\/p><div class=\"post-content\"><div class=\"post-content-inner\"><p>One of the great privileges of sailing a catamaran in Greece is accessing anchorages that are inaccessible to ferries and large crowds. These secret coves, these pristine bays, these magical spots to drop anchor \u2013 this is where you'll experience the real Greece. Here are our 5 anchorages\u2026<\/p>\n<\/div><\/div><\/article><article class=\"et_pb_post et_pb_post_id_222080 clearfix et_pb_blog_item_0_2 post-222080 post type-post status-publish format-standard has-post-thumbnail hentry category-non-classe\"><div class=\"et_pb_image_container\"><a href=\"https:\/\/croisiere-en-catamaran.com\/en\/2026\/03\/17\/combien-coute-une-croisiere-privee-en-catamaran-en-grece\/\" class=\"entry-featured-image-url\"><img loading=\"lazy\" decoding=\"async\" src=\"https:\/\/croisiere-en-catamaran.com\/wp-content\/uploads\/2026\/01\/Gallerie-05.png\" width=\"400\" height=\"284\" alt=\"How much does a private catamaran cruise in Greece cost?\" class=\"\" srcset=\"https:\/\/croisiere-en-catamaran.com\/wp-content\/uploads\/2026\/01\/Gallerie-05.png 479w, https:\/\/croisiere-en-catamaran.com\/wp-content\/uploads\/2026\/01\/Gallerie-05-400x284.png 480w\" sizes=\"(max-width:479px) 479px, 100vw\" \/><span data-icon=\"\ue050\" class=\"et_overlay et_pb_inline_icon\"><\/span><\/a><\/div><h2 class=\"entry-title\"><a href=\"https:\/\/croisiere-en-catamaran.com\/en\/2026\/03\/17\/combien-coute-une-croisiere-privee-en-catamaran-en-grece\/\">How much does a private catamaran cruise in Greece cost?<\/a><\/h2><p class=\"post-meta\"><span class=\"published\">17 March 2026<\/span><\/p><div class=\"post-content\"><div class=\"post-content-inner\"><p>This is often the first question our clients ask us \u2013 and it's a good one. The price of a private catamaran cruise in Greece depends on several factors. Here's a transparent guide to understanding what you're paying for and what you can...<\/p>\n<\/div><\/div><\/article><article class=\"et_pb_post et_pb_post_id_222075 clearfix et_pb_blog_item_0_3 post-222075 post type-post status-publish format-standard has-post-thumbnail hentry category-non-classe\"><div class=\"et_pb_image_container\"><a href=\"https:\/\/croisiere-en-catamaran.com\/en\/2026\/03\/17\/comment-choisir-sa-zone-de-navigation-en-grece-en-catamaran\/\" class=\"entry-featured-image-url\"><img loading=\"lazy\" decoding=\"async\" src=\"https:\/\/croisiere-en-catamaran.com\/wp-content\/uploads\/2026\/03\/Edit_the_provided_image_to_remove_ONLY_the_large_c-1773761525646-scaled.png\" width=\"400\" height=\"284\" alt=\"How to choose your sailing area on a catamaran in Greece?\" class=\"\" srcset=\"https:\/\/croisiere-en-catamaran.com\/wp-content\/uploads\/2026\/03\/Edit_the_provided_image_to_remove_ONLY_the_large_c-1773761525646-scaled.png 479w, https:\/\/croisiere-en-catamaran.com\/wp-content\/uploads\/2026\/03\/Edit_the_provided_image_to_remove_ONLY_the_large_c-1773761525646-400x284.png 480w\" sizes=\"(max-width:479px) 479px, 100vw\" \/><span data-icon=\"\ue050\" class=\"et_overlay et_pb_inline_icon\"><\/span><\/a><\/div><h2 class=\"entry-title\"><a href=\"https:\/\/croisiere-en-catamaran.com\/en\/2026\/03\/17\/comment-choisir-sa-zone-de-navigation-en-grece-en-catamaran\/\">How to choose your sailing area on a catamaran in Greece?<\/a><\/h2><p class=\"post-meta\"><span class=\"published\">17 March 2026<\/span><\/p><div class=\"post-content\"><div class=\"post-content-inner\"><p>Greece offers five major cruising areas, each with its own character, sea conditions, and ambiance. Here's our guide to help you choose the one that suits you. The Ionian Islands \u2014 perfect for families and novices The Ionians are...<\/p>\n<\/div><\/div><\/article><article class=\"et_pb_post et_pb_post_id_222071 clearfix et_pb_blog_item_0_4 post-222071 post type-post status-publish format-standard has-post-thumbnail hentry category-non-classe\"><div class=\"et_pb_image_container\"><a href=\"https:\/\/croisiere-en-catamaran.com\/en\/2026\/03\/17\/meilleure-periode-pour-une-croisiere-en-catamaran-en-grece\/\" class=\"entry-featured-image-url\"><img loading=\"lazy\" decoding=\"async\" src=\"https:\/\/croisiere-en-catamaran.com\/wp-content\/uploads\/2026\/01\/lagoon-lagoon-52-5c-13-src.jpg\" width=\"400\" height=\"284\" alt=\"Best time for a catamaran cruise in Greece\" class=\"\" srcset=\"https:\/\/croisiere-en-catamaran.com\/wp-content\/uploads\/2026\/01\/lagoon-lagoon-52-5c-13-src.jpg 479w, https:\/\/croisiere-en-catamaran.com\/wp-content\/uploads\/2026\/01\/lagoon-lagoon-52-5c-13-src-400x284.jpg 480w\" sizes=\"(max-width:479px) 479px, 100vw\" \/><span data-icon=\"\ue050\" class=\"et_overlay et_pb_inline_icon\"><\/span><\/a><\/div><h2 class=\"entry-title\"><a href=\"https:\/\/croisiere-en-catamaran.com\/en\/2026\/03\/17\/meilleure-periode-pour-une-croisiere-en-catamaran-en-grece\/\">Best time for a catamaran cruise in Greece<\/a><\/h2><p class=\"post-meta\"><span class=\"published\">17 March 2026<\/span><\/p><div class=\"post-content\"><div class=\"post-content-inner\"><p>Greece is navigable almost all year round, but each season has its own characteristics. Here is our comprehensive guide to choosing the ideal time according to your desires, your budget and your experience of the sea. April \u2013 May: spring, the ideal season for\u2026<\/p>\n<\/div><\/div><\/article><article class=\"et_pb_post et_pb_post_id_222065 clearfix et_pb_blog_item_0_5 post-222065 post type-post status-publish format-standard has-post-thumbnail hentry category-non-classe\"><div class=\"et_pb_image_container\"><a href=\"https:\/\/croisiere-en-catamaran.com\/en\/2026\/03\/17\/catamaran-vs-voilier-classique-lagoon-52\/\" class=\"entry-featured-image-url\"><img loading=\"lazy\" decoding=\"async\" src=\"https:\/\/croisiere-en-catamaran.com\/wp-content\/uploads\/2026\/01\/Gallerie-15.png\" width=\"400\" height=\"284\" alt=\"Catamaran vs. classic sailboat: why choose a Lagoon 52 for your Greece cruise?\" class=\"\" srcset=\"https:\/\/croisiere-en-catamaran.com\/wp-content\/uploads\/2026\/01\/Gallerie-15.png 479w, https:\/\/croisiere-en-catamaran.com\/wp-content\/uploads\/2026\/01\/Gallerie-15-400x284.png 480w\" sizes=\"(max-width:479px) 479px, 100vw\" \/><span data-icon=\"\ue050\" class=\"et_overlay et_pb_inline_icon\"><\/span><\/a><\/div><h2 class=\"entry-title\"><a href=\"https:\/\/croisiere-en-catamaran.com\/en\/2026\/03\/17\/catamaran-vs-voilier-classique-lagoon-52\/\">Catamaran vs. classic sailboat: why choose a Lagoon 52 for your Greece cruise?<\/a><\/h2><p class=\"post-meta\"><span class=\"published\">17 March 2026<\/span><\/p><div class=\"post-content\"><div class=\"post-content-inner\"><p>Are you hesitating between a catamaran and a classic sailboat for your cruise in the Greek islands? It's a question our clients ask us often. The answer depends on your priorities \u2013 but for a private cruise with family or friends, the catamaran\u2026<\/p>\n<\/div><\/div><\/article><\/div><div class=\"pagination clearfix\">\n\t<div class=\"alignleft\"><\/div>\n\t<div class=\"alignright\"><\/div>\n<\/div><\/div><\/div>\n<\/div>\n<\/div>\n<\/div>\n\n<div class=\"et_pb_section_2 et_pb_section et_section_regular et_block_section et_pb_section_parallax\"><span class=\"et-pb-parallax-wrapper\"><span class=\"et-pb-parallax-background et-pb-parallax-background-module--divi-section-2\" style=\"background-image:url(https:\/\/croisiere-en-catamaran.com\/\/wp-content\/uploads\/2026\/02\/Upt2_35063L.jpg)\"><\/span><span class=\"et_parallax_gradient\" style=\"background-image:linear-gradient(180deg, #ffffff 0%,rgba(255,255,255,0) 52% 100%);mix-blend-mode:true\"><\/span><\/span>\n<div class=\"et_pb_row_1 et_pb_row et_flex_row\">\n<div class=\"et_pb_column_1 et_pb_column et-last-child et_flex_column et_pb_css_mix_blend_mode_passthrough et_flex_column_24_24 et_flex_column_24_24_tablet et_flex_column_24_24_phone\">\n<div class=\"et_pb_text_0 et_pb_text et_pb_bg_layout_light et_pb_module et_flex_module\"><div class=\"et_pb_text_inner\"><h2><strong>Contact Us<\/strong><\/h2>\n<\/div><\/div>\n<\/div>\n<\/div>\n\n<div class=\"et_pb_row_2 et_pb_row et_block_row\">\n<div class=\"et_pb_column_2 et_pb_column et_pb_column_4_4 et-last-child et_block_column et_pb_css_mix_blend_mode_passthrough\">\n<div class=\"et_pb_contact_form_0 et_pb_contact_form_container clearfix et_pb_module et_flex_module\" data-form_unique_num=\"0\" data-form_unique_id=\"7067d836e5cc6b8d0df5f1ee01accc26\" id=\"et_pb_contact_form_0\"><div class=\"et-pb-contact-message\"><\/div><div class=\"et_pb_contact\"><form class=\"et_pb_contact_form et_flex_module\" method=\"post\" action=\"https:\/\/croisiere-en-catamaran.com\/en\/wp-json\/wp\/v2\/pages\/222041\" data-trp-original-action=\"https:\/\/croisiere-en-catamaran.com\/en\/wp-json\/wp\/v2\/pages\/222041\">\n<div class=\"et_pb_contact_field_0 et_pb_contact_field et_pb_module et_flex_module et_flex_column_12_24 et_flex_column_12_24_tablet et_flex_column_12_24_phone\" data-id=\"name\" data-type=\"input\"><label class=\"et_pb_contact_form_label\">Name<\/label><input type=\"text\" name=\"et_pb_contact_0_name_0\" id=\"et_pb_contact_0_name_0\" class=\"input\" data-required_mark=\"required\" data-field_type=\"input\" data-original_id=\"name\" placeholder=\"Name\" title=\"\" value=\"\" \/><\/div>\n\n<div class=\"et_pb_contact_field_1 et_pb_contact_field et_pb_module et_flex_module et_flex_column_12_24 et_flex_column_12_24_tablet et_flex_column_12_24_phone\" data-id=\"email\" data-type=\"email\"><label class=\"et_pb_contact_form_label\">Email Address <\/label><input type=\"text\" name=\"et_pb_contact_0_email_1\" id=\"et_pb_contact_0_email_1\" class=\"input\" data-required_mark=\"required\" data-field_type=\"email\" data-original_id=\"email\" placeholder=\"Email Address \" title=\"\" value=\"\" \/><\/div>\n\n<div class=\"et_pb_contact_field_2 et_pb_contact_field et_pb_module et_flex_module et_flex_column_24_24 et_flex_column_24_24_tablet et_flex_column_24_24_phone\" data-id=\"message\" data-type=\"text\"><label class=\"et_pb_contact_form_label\">Message<\/label><textarea name=\"et_pb_contact_0_message_2\" id=\"et_pb_contact_0_message_2\" class=\"et_pb_contact_message input\" data-required_mark=\"required\" data-field_type=\"text\" data-original_id=\"message\" placeholder=\"Message\"><\/textarea><\/div>\n<input type=\"hidden\" name=\"et_pb_contactform_submit_7067d836e5cc6b8d0df5f1ee01accc26\" value=\"et_contact_proccess\" \/><div class=\"et_contact_bottom_container\"><div class=\"et_pb_button_wrapper\"><button type=\"submit\" name=\"et_builder_submit_button\" class=\"et_pb_button et_pb_contact_submit\">Send Message<\/button><\/div><\/div><input type=\"hidden\" id=\"_wpnonce-et-pb-contact-form-submitted-7067d836e5cc6b8d0df5f1ee01accc26\" name=\"_wpnonce-et-pb-contact-form-submitted-7067d836e5cc6b8d0df5f1ee01accc26\" value=\"f85338e379\" \/><input type=\"hidden\" name=\"_wp_http_referer\" value=\"\/en\/wp-json\/wp\/v2\/pages\/222041\" \/><input type=\"hidden\" name=\"trp-form-language\" value=\"en\"\/><\/form><\/div><\/div>\n<\/div>\n<\/div>\n<\/div>\n\n<div class=\"et_pb_section_3 et_pb_section et_section_regular et_flex_section\">\n<div class=\"et_pb_row_3 et_pb_row et_flex_row\">\n<div class=\"et_pb_column_3 et_pb_column et_flex_column et_pb_css_mix_blend_mode_passthrough et_flex_column_8_24 et_flex_column_8_24_tablet et_flex_column_24_24_phone\">\n<div class=\"et_pb_text_1 et_pb_text et_pb_bg_layout_light et_pb_module et_flex_module\"><div class=\"et_pb_text_inner\"><p><span>VOGU\u00c9O 2026<\/span><\/p>\n<p>Vogu\u00e9o<\/p>\n<p>29 rue du Luxembourg - 1050 Brussels<\/p>\n<p>Belgium<\/p>\n<p>00 32 484 94 85 91<\/p>\n<p>00 30 6909039737<\/p>\n<p>VAT : BE 0541.641.466<\/p>\n<\/div><\/div>\n<\/div>\n\n<div class=\"et_pb_column_4 et_pb_column et_flex_column et_pb_css_mix_blend_mode_passthrough et_flex_column_8_24 et_flex_column_8_24_tablet et_flex_column_24_24_phone\">\n<ul class=\"et_pb_social_media_follow_0 et_pb_social_media_follow clearfix et_pb_bg_layout_light et_pb_module et_flex_module\">\n<li class=\"et_pb_social_media_follow_network_0 et_pb_social_media_follow_network et_pb_social_icon et_pb_social_network_link et-social-facebook et_pb_module et_flex_module\"><a href=\"#\" class=\"icon\" target=\"_self\" title=\"Follow on Facebook\" rel=\"noopener\"><span class=\"et_pb_social_media_follow_network_name\">Follow<\/span><\/a><\/li>\n\n<li class=\"et_pb_social_media_follow_network_1 et_pb_social_media_follow_network et_pb_social_icon et_pb_social_network_link et-social-instagram et_pb_module et_flex_module\"><a href=\"#\" class=\"icon\" target=\"_self\" title=\"Follow on Instagram\" rel=\"noopener\"><span class=\"et_pb_social_media_follow_network_name\">Follow<\/span><\/a><\/li>\n\n<li class=\"et_pb_social_media_follow_network_2 et_pb_social_media_follow_network et_pb_social_icon et_pb_social_network_link et-pb-social-fa-icon et-social-whatsapp et_pb_module et_flex_module\"><a href=\"#\" class=\"icon\" target=\"_self\" title=\"Follow on WhatsApp\" rel=\"noopener\"><span class=\"et_pb_social_media_follow_network_name\">Follow<\/span><\/a><\/li>\n\n<li class=\"et_pb_social_media_follow_network_3 et_pb_social_media_follow_network et_pb_social_icon et_pb_social_network_link et-social-youtube et_pb_module et_flex_module\"><a href=\"#\" class=\"icon\" target=\"_self\" title=\"Follow on Youtube\" rel=\"noopener\"><span class=\"et_pb_social_media_follow_network_name\">Follow<\/span><\/a><\/li>\n<\/ul>\n<\/div>\n\n<div class=\"et_pb_column_5 et_pb_column et-last-child et_flex_column et_pb_css_mix_blend_mode_passthrough et_flex_column_8_24 et_flex_column_8_24_tablet et_flex_column_24_24_phone\">\n<div class=\"et_pb_module et_pb_button_module_wrapper et_pb_button_0_wrapper\"><a class=\"et_pb_button_0 et_pb_button et_pb_bg_layout_light et_pb_module et_block_module\" href=\"\">Internal Regulations<\/a><\/div>\n\n<div class=\"et_pb_module et_pb_button_module_wrapper et_pb_button_1_wrapper\"><a class=\"et_pb_button_1 et_pb_button et_pb_bg_layout_light et_pb_module et_flex_module\" href=\"\">Terms &amp; Conditions<\/a><\/div>\n\n<div class=\"et_pb_module et_pb_button_module_wrapper et_pb_button_2_wrapper\"><a class=\"et_pb_button_2 et_pb_button et_pb_bg_layout_light et_pb_module et_flex_module\" href=\"\">Cookies &amp; Privacy<\/a><\/div>\n<\/div>\n<\/div>\n<\/div>","protected":false},"excerpt":{"rendered":"","protected":false},"author":1,"featured_media":0,"parent":0,"menu_order":0,"comment_status":"closed","ping_status":"closed","template":"","meta":{"_seopress_robots_primary_cat":"","_seopress_titles_title":"Blog croisi\u00e8re catamaran Gr\u00e8ce | Conseils & Inspirations | Vogu\u00e9o","_seopress_titles_desc":"Conseils, itin\u00e9raires et inspirations pour votre croisi\u00e8re priv\u00e9e en catamaran dans les \u00eeles grecques. Cyclades, Ioniennes, Saroniques \u2014 embarquez avec Vogu\u00e9o.","_seopress_robots_index":"","footnotes":""},"class_list":["post-222041","page","type-page","status-publish","hentry"],"_links":{"self":[{"href":"https:\/\/croisiere-en-catamaran.com\/en\/wp-json\/wp\/v2\/pages\/222041","targetHints":{"allow":["GET"]}}],"collection":[{"href":"https:\/\/croisiere-en-catamaran.com\/en\/wp-json\/wp\/v2\/pages"}],"about":[{"href":"https:\/\/croisiere-en-catamaran.com\/en\/wp-json\/wp\/v2\/types\/page"}],"author":[{"embeddable":true,"href":"https:\/\/croisiere-en-catamaran.com\/en\/wp-json\/wp\/v2\/users\/1"}],"replies":[{"embeddable":true,"href":"https:\/\/croisiere-en-catamaran.com\/en\/wp-json\/wp\/v2\/comments?post=222041"}],"version-history":[{"count":6,"href":"https:\/\/croisiere-en-catamaran.com\/en\/wp-json\/wp\/v2\/pages\/222041\/revisions"}],"predecessor-version":[{"id":222070,"href":"https:\/\/croisiere-en-catamaran.com\/en\/wp-json\/wp\/v2\/pages\/222041\/revisions\/222070"}],"wp:attachment":[{"href":"https:\/\/croisiere-en-catamaran.com\/en\/wp-json\/wp\/v2\/media?parent=222041"}],"curies":[{"name":"wp","href":"https:\/\/api.w.org\/{rel}","templated":true}]}}