{"id":222108,"date":"2026-03-21T14:56:47","date_gmt":"2026-03-21T13:56:47","guid":{"rendered":"https:\/\/croisiere-en-catamaran.com\/?page_id=222108"},"modified":"2026-03-21T16:21:17","modified_gmt":"2026-03-21T15:21:17","slug":"internal-regulations","status":"publish","type":"page","link":"https:\/\/croisiere-en-catamaran.com\/en\/reglement-ordre-interieur\/","title":{"rendered":"Standing Orders"},"content":{"rendered":"<div class=\"et_pb_section_0 et_pb_section et_section_regular et_flex_section\">\n<div class=\"et_pb_row_0 et_pb_row et_flex_row\">\n<div class=\"et_pb_column_0 et_pb_column et-last-child et_flex_column et_pb_css_mix_blend_mode_passthrough et_flex_column_24_24 et_flex_column_24_24_tablet et_flex_column_24_24_phone\">\n<div class=\"et_pb_text_0 et_pb_text et_pb_bg_layout_light et_pb_module et_flex_module\"><div class=\"et_pb_text_inner\"><h1><strong>Internal Regulations - VOGU\u00c9O<\/strong><\/h1>\n<ol>\n<li><strong> Welcome aboard<\/strong><\/li>\n<\/ol>\n<p>We are delighted to welcome you on this cruise to Greece. To ensure your safety, comfort and the longevity of the ship, please observe the following rules.<\/p>\n<ol start=\"2\">\n<li><strong> Life on deck (Exterior)<\/strong><\/li>\n<\/ol>\n<ul>\n<li><strong>Shoes :<\/strong> The golden rule. Bare feet or deck shoes with white soles (non-marking) only. Street shoes must be removed before boarding and stored in the designated spaces.<\/li>\n<li><strong>Sun Protection :<\/strong> Please always use towels on sunbeds and outside cushions when applying sun cream or oil to avoid indelible stains on the teak or upholstery.<\/li>\n<li><strong>Tobacco :<\/strong> For safety and odour reasons, smoking is strictly prohibited inside. Smoking is tolerated at the stern of the boat, downwind, in agreement with the other passengers and using the ashtrays provided.<\/li>\n<\/ul>\n<ol start=\"3\">\n<li><strong> Use of Cabins and Interiors<\/strong><\/li>\n<\/ol>\n<ul>\n<li><strong>Marine toilets (The critical point) :<\/strong> Do not flush anything down the toilet (toilet paper, sanitary napkins or wipes). Only use the bins provided. Marine pipes are very narrow; any blockage requiring technical intervention will be charged to passengers.<\/li>\n<li><strong>Windows :<\/strong> Please do not tamper with the portholes when sailing without the skipper's permission, to avoid any accidental ingress of water.<\/li>\n<li><strong>Eau Douce :<\/strong> Although the Lagoon 52 is equipped with a watermaker, fresh water remains a precious resource at sea. Please use it sparingly when showering.<\/li>\n<\/ul>\n<ol start=\"4\">\n<li><strong> Energy, Air Conditioning and Generators<\/strong><\/li>\n<\/ol>\n<ul>\n<li><strong>Airco management :<\/strong> For the sake of the environment and silence at anchor, please turn off the air conditioning in your cabin or saloon as soon as you leave the room.<\/li>\n<li><strong>Lighting :<\/strong> Remember to turn off unused lights.<\/li>\n<li><strong>Generator :<\/strong> Responsible energy management means the generator runs for less time, giving you and your mooring neighbours more peace and quiet.<\/li>\n<\/ul>\n<ol start=\"5\">\n<li><strong> Safety and Navigation (Skipper's Authority)<\/strong><\/li>\n<\/ol>\n<ul>\n<li><strong>Skipper's authority :<\/strong> The skipper is the sole master on board when it comes to safety and navigation. His decisions on routes, manoeuvres and anchorages are final and not subject to appeal, as they are dictated by the safety of the boat and its passengers.<\/li>\n<li><strong>Safety at sea :<\/strong> The wearing of a lifejacket may be required at the skipper's request.<\/li>\n<li><strong>Annex (Dinghy) :<\/strong> The use of the dinghy is strictly reserved for the skipper or is carried out under his direct supervision.<\/li>\n<\/ul>\n<ol start=\"6\">\n<li><strong> Respect for the Crew<\/strong><\/li>\n<\/ol>\n<ul>\n<li><strong>Relations on board :<\/strong> If you have chosen the option with Skipper and\/or Hostess, they are seafaring professionals there to ensure your safety and comfort. They are not slaves to the customer, but your hosts. Basic courtesy and mutual respect are the basis of a successful atmosphere.<\/li>\n<li><strong>Private Area :<\/strong> Please respect their rest periods and access to their private areas.<\/li>\n<\/ul>\n<ol start=\"7\">\n<li><strong> Children on board<\/strong><\/li>\n<\/ol>\n<ul>\n<li><strong>Monitoring :<\/strong> Children remain under the constant supervision and exclusive responsibility of their parents at all times.<\/li>\n<li><strong>Baby-sitting option :<\/strong> For your peace of mind, a \"Baby-sitter\" option can be added (on request) to help you look after the youngest passengers during the cruise.<\/li>\n<\/ul>\n<ol start=\"8\">\n<li><strong> Respect for the environment and others<\/strong><\/li>\n<\/ol>\n<ul>\n<li style=\"list-style-type: none;\">\n<ul>\n<li><strong>Pollution :<\/strong> Nothing must be thrown into the sea (plastics, cigarette ends, food).<\/li>\n<li><strong>Noise pollution :<\/strong> Please respect the peace and quiet of other boats when mooring, especially after 10pm.<\/li>\n<\/ul>\n<\/li>\n<\/ul>\n<\/div><\/div>\n<\/div>\n<\/div>\n\n<div class=\"et_pb_row_1 et_pb_row et_flex_row\">\n<div class=\"et_pb_column_1 et_pb_column et-last-child et_flex_column et_pb_css_mix_blend_mode_passthrough et_flex_column_24_24 et_flex_column_24_24_tablet et_flex_column_24_24_phone\">\n<div class=\"et_pb_module et_pb_button_module_wrapper et_pb_button_0_wrapper\"><a class=\"et_pb_button_0 et_pb_button et_pb_bg_layout_light et_pb_module et_flex_module\" href=\"https:\/\/croisiere-en-catamaran.com\/wp-content\/uploads\/2026\/03\/Reglement-dordre-interieur-EN-Vogueo-21_03_2026.pdf\">Download in PDF format<\/a><\/div>\n<\/div>\n<\/div>\n<\/div>\n\n<div class=\"et_pb_section_1 et_pb_section et_section_regular et_flex_section\">\n<div class=\"et_pb_row_2 et_pb_row et_flex_row\">\n<div class=\"et_pb_column_2 et_pb_column et_flex_column et_pb_css_mix_blend_mode_passthrough et_flex_column_8_24 et_flex_column_8_24_tablet et_flex_column_24_24_phone\">\n<div class=\"et_pb_text_1 et_pb_text et_pb_bg_layout_light et_pb_module et_flex_module\"><div class=\"et_pb_text_inner\"><p><span>VOGU\u00c9O 2026<\/span><\/p>\n<p>Vogu\u00e9o<\/p>\n<p>29 rue du Luxembourg - 1050 Brussels<\/p>\n<p>Belgium<\/p>\n<p>00 32 484 94 85 91<\/p>\n<p>00 30 6909039737<\/p>\n<p>VAT : BE 0541.641.466<\/p>\n<\/div><\/div>\n<\/div>\n\n<div class=\"et_pb_column_3 et_pb_column et_flex_column et_pb_css_mix_blend_mode_passthrough et_flex_column_8_24 et_flex_column_8_24_tablet et_flex_column_24_24_phone\">\n<ul class=\"et_pb_social_media_follow_0 et_pb_social_media_follow clearfix et_pb_bg_layout_light et_pb_module et_flex_module\">\n<li class=\"et_pb_social_media_follow_network_0 et_pb_social_media_follow_network et_pb_social_icon et_pb_social_network_link et-social-facebook et_pb_module et_flex_module\"><a href=\"#\" class=\"icon\" target=\"_self\" title=\"Follow on Facebook\" rel=\"noopener\"><span class=\"et_pb_social_media_follow_network_name\">Follow<\/span><\/a><\/li>\n\n<li class=\"et_pb_social_media_follow_network_1 et_pb_social_media_follow_network et_pb_social_icon et_pb_social_network_link et-social-instagram et_pb_module et_flex_module\"><a href=\"#\" class=\"icon\" target=\"_self\" title=\"Follow on Instagram\" rel=\"noopener\"><span class=\"et_pb_social_media_follow_network_name\">Follow<\/span><\/a><\/li>\n\n<li class=\"et_pb_social_media_follow_network_2 et_pb_social_media_follow_network et_pb_social_icon et_pb_social_network_link et-pb-social-fa-icon et-social-whatsapp et_pb_module et_flex_module\"><a href=\"#\" class=\"icon\" target=\"_self\" title=\"Follow on WhatsApp\" rel=\"noopener\"><span class=\"et_pb_social_media_follow_network_name\">Follow<\/span><\/a><\/li>\n\n<li class=\"et_pb_social_media_follow_network_3 et_pb_social_media_follow_network et_pb_social_icon et_pb_social_network_link et-social-youtube et_pb_module et_flex_module\"><a href=\"#\" class=\"icon\" target=\"_self\" title=\"Follow on Youtube\" rel=\"noopener\"><span class=\"et_pb_social_media_follow_network_name\">Follow<\/span><\/a><\/li>\n<\/ul>\n<\/div>\n\n<div class=\"et_pb_column_4 et_pb_column et-last-child et_flex_column et_pb_css_mix_blend_mode_passthrough et_flex_column_8_24 et_flex_column_8_24_tablet et_flex_column_24_24_phone\">\n<div class=\"et_pb_module et_pb_button_module_wrapper et_pb_button_1_wrapper\"><a class=\"et_pb_button_1 et_pb_button et_pb_bg_layout_light et_pb_module et_block_module\" href=\"\">Internal Regulations<\/a><\/div>\n\n<div class=\"et_pb_module et_pb_button_module_wrapper et_pb_button_2_wrapper\"><a class=\"et_pb_button_2 et_pb_button et_pb_bg_layout_light et_pb_module et_flex_module\" href=\"\">Terms &amp; Conditions<\/a><\/div>\n\n<div class=\"et_pb_module et_pb_button_module_wrapper et_pb_button_3_wrapper\"><a class=\"et_pb_button_3 et_pb_button et_pb_bg_layout_light et_pb_module et_flex_module\" href=\"\">Cookies &amp; Privacy<\/a><\/div>\n<\/div>\n<\/div>\n<\/div>","protected":false},"excerpt":{"rendered":"","protected":false},"author":1,"featured_media":0,"parent":0,"menu_order":0,"comment_status":"closed","ping_status":"closed","template":"","meta":{"_seopress_robots_primary_cat":"","_seopress_titles_title":"R\u00e8glement \u00e0 Bord & Vie sur le Pont | Lagoon 52 F","_seopress_titles_desc":"Guide de vie \u00e0 bord du Lagoon 52 F : utilisation de l'airco, s\u00e9curit\u00e9 avec le skipper, respect de l'\u00e9quipage et r\u00e8gles de propret\u00e9 sur le pont.","_seopress_robots_index":"","footnotes":""},"class_list":["post-222108","page","type-page","status-publish","hentry"],"_links":{"self":[{"href":"https:\/\/croisiere-en-catamaran.com\/en\/wp-json\/wp\/v2\/pages\/222108","targetHints":{"allow":["GET"]}}],"collection":[{"href":"https:\/\/croisiere-en-catamaran.com\/en\/wp-json\/wp\/v2\/pages"}],"about":[{"href":"https:\/\/croisiere-en-catamaran.com\/en\/wp-json\/wp\/v2\/types\/page"}],"author":[{"embeddable":true,"href":"https:\/\/croisiere-en-catamaran.com\/en\/wp-json\/wp\/v2\/users\/1"}],"replies":[{"embeddable":true,"href":"https:\/\/croisiere-en-catamaran.com\/en\/wp-json\/wp\/v2\/comments?post=222108"}],"version-history":[{"count":5,"href":"https:\/\/croisiere-en-catamaran.com\/en\/wp-json\/wp\/v2\/pages\/222108\/revisions"}],"predecessor-version":[{"id":222126,"href":"https:\/\/croisiere-en-catamaran.com\/en\/wp-json\/wp\/v2\/pages\/222108\/revisions\/222126"}],"wp:attachment":[{"href":"https:\/\/croisiere-en-catamaran.com\/en\/wp-json\/wp\/v2\/media?parent=222108"}],"curies":[{"name":"wp","href":"https:\/\/api.w.org\/{rel}","templated":true}]}}